{"id":18010,"date":"2026-03-25T13:10:51","date_gmt":"2026-03-25T12:10:51","guid":{"rendered":"https:\/\/das-asfalt.rs\/?page_id=18010"},"modified":"2026-03-27T10:46:24","modified_gmt":"2026-03-27T09:46:24","slug":"pridruzite-se","status":"publish","type":"page","link":"https:\/\/das-asfalt.rs\/en\/pridruzite-se\/","title":{"rendered":"Join us"},"content":{"rendered":"<div data-elementor-type=\"wp-page\" data-elementor-id=\"18010\" class=\"elementor elementor-18010\" data-elementor-post-type=\"page\">\n\t\t\t\t<div class=\"no-position  elementor-element elementor-element-8a8fff7 e-flex e-con-boxed e-con e-parent\" data-id=\"8a8fff7\" data-element_type=\"container\" data-e-type=\"container\" data-settings=\"{&quot;background_background&quot;:&quot;classic&quot;}\">\n\t\t\t\t\t<div class=\"e-con-inner\">\n\t\t\t\t<div class=\"elementor-element elementor-element-dee29e9 gsap-move-no elementor-widget elementor-widget-page-title\" data-id=\"dee29e9\" data-element_type=\"widget\" data-e-type=\"widget\" data-settings=\"{&quot;align&quot;:&quot;center&quot;}\" data-widget_type=\"page-title.default\">\n\t\t\t\t<div class=\"elementor-widget-container\">\n\t\t\t\t\t\t\t\n\t\t<div class=\"hfe-page-title hfe-page-title-wrapper elementor-widget-heading\">\n\t\t\t\n\t\t\t<h1 class=\"elementor-heading-title elementor-size\">\n\t\t\t\tJoin us\t\t\t<\/h1> \n\n\t\t\t\t\t\t\t\t<\/div>\n\t\t\t\t\t\t<\/div>\n\t\t\t\t<\/div>\n\t\t\t\t<div class=\"elementor-element elementor-element-6554bc5 gsap-move-no elementor-widget elementor-widget-rs-breadcrumb\" data-id=\"6554bc5\" data-element_type=\"widget\" data-e-type=\"widget\" data-widget_type=\"rs-breadcrumb.default\">\n\t\t\t\t<div class=\"elementor-widget-container\">\n\t\t\t\t\t                    <div class=\"breadcrumb-area style2\"> \n                <div class=\"breadcrumbs-inner\"> \n                    <span property=\"itemListElement\" typeof=\"ListItem\"><a property=\"item\" typeof=\"WebPage\" title=\"Go to Dru\u0161tvo asfaltera Srbije | Asfaltna industrija i infrastruktura.\" href=\"https:\/\/das-asfalt.rs\/en\" class=\"home\" ><span property=\"name\">Dru\u0161tvo asfaltera Srbije | Asfaltna industrija i infrastruktura<\/span><\/a><meta property=\"position\" content=\"1\"><\/span> &gt; <span property=\"itemListElement\" typeof=\"ListItem\"><a property=\"item\" typeof=\"WebPage\" title=\"Go to Vesti.\" href=\"https:\/\/das-asfalt.rs\/en\/vesti\/\" class=\"post-root post post-post\" aria-current=\"page\"><span property=\"name\">News<\/span><\/a><meta property=\"position\" content=\"2\"><\/span>                <\/div>\n            <\/div> \n          \n    \t\t\t\t<\/div>\n\t\t\t\t<\/div>\n\t\t\t\t\t<\/div>\n\t\t\t\t<\/div>\n\t\t<div class=\"no-position  elementor-element elementor-element-773238d e-flex e-con-boxed e-con e-parent\" data-id=\"773238d\" data-element_type=\"container\" data-e-type=\"container\">\n\t\t\t\t\t<div class=\"e-con-inner\">\n\t\t\t\t<div class=\"elementor-element elementor-element-66f9b94 gsap-move-no elementor-widget elementor-widget-rs-heading\" data-id=\"66f9b94\" data-element_type=\"widget\" data-e-type=\"widget\" data-widget_type=\"rs-heading.default\">\n\t\t\t\t<div class=\"elementor-widget-container\">\n\t\t\t\t\t\n\t\t<div class=\"prelements-heading default    animate-\">\n\t\t\t<div class=\"title-inner\">\n\t\t\t\t<h2 class=\"title rs-split-text-disable\">APPLICATION FOR MEMBERSHIP IN THE SERBIAN ASPHALT ASSOCIATION\n<\/h2>\n\t\t\t<\/div>\n\t\t\t\t\t\t\t<div class=\"description\">\n\t\t\t\t\t<p>We hereby submit an application for membership in the Association. <strong>DRU\u0160TVO ASFALTERA SRBIJE<\/strong>, skra\u0107eni naziv DAS.<\/p>\t\t\t\t<\/div>\n\t\t\t\t\t<\/div>\n\t\t\t\t<\/div>\n\t\t\t\t<\/div>\n\t\t\t\t\t<\/div>\n\t\t\t\t<\/div>\n\t\t<div class=\"no-position  elementor-element elementor-element-74b6971 e-flex e-con-boxed e-con e-parent\" data-id=\"74b6971\" data-element_type=\"container\" data-e-type=\"container\">\n\t\t\t\t\t<div class=\"e-con-inner\">\n\t\t\t\t<div class=\"elementor-element elementor-element-c7901ea gsap-move-no elementor-widget elementor-widget-rs-cf7\" data-id=\"c7901ea\" data-element_type=\"widget\" data-e-type=\"widget\" data-widget_type=\"rs-cf7.default\">\n\t\t\t\t<div class=\"elementor-widget-container\">\n\t\t\t\t\t\n<div class=\"wpcf7 no-js\" id=\"wpcf7-f17998-o1\" lang=\"en-US\" dir=\"ltr\" data-wpcf7-id=\"17998\">\n<div class=\"screen-reader-response\"><p role=\"status\" aria-live=\"polite\" aria-atomic=\"true\"><\/p> <ul><\/ul><\/div>\n<form action=\"\/en\/wp-json\/wp\/v2\/pages\/18010#wpcf7-f17998-o1\" method=\"post\" class=\"wpcf7-form init\" aria-label=\"Contact form\" novalidate=\"novalidate\" data-status=\"init\" data-trp-original-action=\"\/en\/wp-json\/wp\/v2\/pages\/18010#wpcf7-f17998-o1\">\n<fieldset class=\"hidden-fields-container\"><input type=\"hidden\" name=\"_wpcf7\" value=\"17998\" \/><input type=\"hidden\" name=\"_wpcf7_version\" value=\"6.1.5\" \/><input type=\"hidden\" name=\"_wpcf7_locale\" value=\"en_US\" \/><input type=\"hidden\" name=\"_wpcf7_unit_tag\" value=\"wpcf7-f17998-o1\" \/><input type=\"hidden\" name=\"_wpcf7_container_post\" value=\"0\" \/><input type=\"hidden\" name=\"_wpcf7_posted_data_hash\" value=\"\" \/>\n<\/fieldset>\n<div class=\"row cf7-membership-form\">\n\t<div class=\"col-md-6\">\n\t\t<p><label for=\"first-name\">Name*<\/label><br \/>\n<span class=\"wpcf7-form-control-wrap\" data-name=\"first-name\"><input size=\"40\" maxlength=\"400\" class=\"wpcf7-form-control wpcf7-text wpcf7-validates-as-required\" id=\"first-name\" autocomplete=\"given-name\" aria-required=\"true\" aria-invalid=\"false\" value=\"\" type=\"text\" name=\"first-name\" \/><\/span>\n\t\t<\/p>\n\t<\/div>\n\t<div class=\"col-md-6\">\n\t\t<p><label for=\"last-name\">Last Name*<\/label><br \/>\n<span class=\"wpcf7-form-control-wrap\" data-name=\"last-name\"><input size=\"40\" maxlength=\"400\" class=\"wpcf7-form-control wpcf7-text wpcf7-validates-as-required\" id=\"last-name\" autocomplete=\"family-name\" aria-required=\"true\" aria-invalid=\"false\" value=\"\" type=\"text\" name=\"last-name\" \/><\/span>\n\t\t<\/p>\n\t<\/div>\n\t<div class=\"col-md-6\">\n\t\t<p><label for=\"company-name\">Legal entity name*<\/label><br \/>\n<span class=\"wpcf7-form-control-wrap\" data-name=\"company-name\"><input size=\"40\" maxlength=\"400\" class=\"wpcf7-form-control wpcf7-text wpcf7-validates-as-required\" id=\"company-name\" aria-required=\"true\" aria-invalid=\"false\" value=\"\" type=\"text\" name=\"company-name\" \/><\/span>\n\t\t<\/p>\n\t<\/div>\n\t<div class=\"col-md-6\">\n\t\t<p><label for=\"address\">Address*<\/label><br \/>\n<span class=\"wpcf7-form-control-wrap\" data-name=\"address\"><input size=\"40\" maxlength=\"400\" class=\"wpcf7-form-control wpcf7-text wpcf7-validates-as-required\" id=\"address\" aria-required=\"true\" aria-invalid=\"false\" value=\"\" type=\"text\" name=\"address\" \/><\/span>\n\t\t<\/p>\n\t<\/div>\n\t<div class=\"col-md-6\">\n\t\t<p><label for=\"city\">City*<\/label><br \/>\n<span class=\"wpcf7-form-control-wrap\" data-name=\"city\"><input size=\"40\" maxlength=\"400\" class=\"wpcf7-form-control wpcf7-text wpcf7-validates-as-required\" id=\"city\" aria-required=\"true\" aria-invalid=\"false\" value=\"\" type=\"text\" name=\"city\" \/><\/span>\n\t\t<\/p>\n\t<\/div>\n\t<div class=\"col-md-6\">\n\t\t<p><label for=\"country\">Country*<\/label><br \/>\n<span class=\"wpcf7-form-control-wrap\" data-name=\"country\"><input size=\"40\" maxlength=\"400\" class=\"wpcf7-form-control wpcf7-text wpcf7-validates-as-required\" id=\"country\" aria-required=\"true\" aria-invalid=\"false\" value=\"\" type=\"text\" name=\"country\" \/><\/span>\n\t\t<\/p>\n\t<\/div>\n\t<div class=\"col-md-6\">\n\t\t<p><label for=\"pib\">Company Tax ID*<\/label><br \/>\n<span class=\"wpcf7-form-control-wrap\" data-name=\"pib\"><input size=\"40\" maxlength=\"400\" class=\"wpcf7-form-control wpcf7-text wpcf7-validates-as-required\" id=\"pib\" aria-required=\"true\" aria-invalid=\"false\" value=\"\" type=\"text\" name=\"pib\" \/><\/span>\n\t\t<\/p>\n\t<\/div>\n\t<div class=\"col-md-6\">\n\t\t<p><label for=\"company-id-number\">Company registration number*<\/label><br \/>\n<span class=\"wpcf7-form-control-wrap\" data-name=\"company-id-number\"><input size=\"40\" maxlength=\"400\" class=\"wpcf7-form-control wpcf7-text wpcf7-validates-as-required\" id=\"company-id-number\" aria-required=\"true\" aria-invalid=\"false\" value=\"\" type=\"text\" name=\"company-id-number\" \/><\/span>\n\t\t<\/p>\n\t<\/div>\n\t<div class=\"col-md-6\">\n\t\t<p><label for=\"phone\">Phone Number*<\/label><br \/>\n<span class=\"wpcf7-form-control-wrap\" data-name=\"phone\"><input size=\"40\" maxlength=\"400\" class=\"wpcf7-form-control wpcf7-tel wpcf7-validates-as-required wpcf7-text wpcf7-validates-as-tel\" id=\"phone\" aria-required=\"true\" aria-invalid=\"false\" value=\"\" type=\"tel\" name=\"phone\" \/><\/span>\n\t\t<\/p>\n\t<\/div>\n\t<div class=\"col-md-6\">\n\t\t<p><label for=\"your-email\">Email Address*<\/label><br \/>\n<span class=\"wpcf7-form-control-wrap\" data-name=\"your-email\"><input size=\"40\" maxlength=\"400\" class=\"wpcf7-form-control wpcf7-email wpcf7-validates-as-required wpcf7-text wpcf7-validates-as-email\" id=\"your-email\" autocomplete=\"email\" aria-required=\"true\" aria-invalid=\"false\" value=\"\" type=\"email\" name=\"your-email\" \/><\/span>\n\t\t<\/p>\n\t<\/div>\n\t<div class=\"col-md-12 membership-type-wrap\">\n\t\t<div class=\"membership-option\">\n\t\t\t<p><span class=\"wpcf7-form-control-wrap\" data-name=\"membership-type\"><span class=\"wpcf7-form-control wpcf7-radio membership-type\"><span class=\"wpcf7-list-item first last\"><label><input type=\"radio\" name=\"membership-type\" value=\"Redovni \u010dlan\" \/><span class=\"wpcf7-list-item-label\">Regular member<\/span><\/label><\/span><\/span><\/span>\n\t\t\t<\/p>\n\t\t\t<div class=\"membership-description\">\n\t\t\t\t<p>Regular members \u2013 legal entities (companies, institutes, laboratories, and other organizations) and individuals (professionals, engineers, and researchers) who are actively engaged in the asphalt industry and infrastructure sector, accept the goals and Articles of Association of the Association, participate in its activities, and regularly pay membership fees.\n\t\t\t\t<\/p>\n\t\t\t<\/div>\n\t\t<\/div>\n\t\t<div class=\"membership-option\">\n\t\t\t<p><span class=\"wpcf7-form-control-wrap\" data-name=\"membership-type\"><span class=\"wpcf7-form-control wpcf7-radio membership-type\"><span class=\"wpcf7-list-item first last\"><label><input type=\"radio\" name=\"membership-type\" value=\"Pridru\u017eeni \u010dlan\" \/><span class=\"wpcf7-list-item-label\">Associate member<\/span><\/label><\/span><\/span><\/span>\n\t\t\t<\/p>\n\t\t\t<div class=\"membership-description\">\n\t\t\t\t<p>Associate members \u2013 legal entities and individuals not directly engaged in the asphalt industry, but interested in the activities of the Association and wishing to support its work. Associate members do not have voting rights in the General Assembly.\n\t\t\t\t<\/p>\n\t\t\t<\/div>\n\t\t<\/div>\n\t\t<div class=\"membership-option\">\n\t\t\t<p><span class=\"wpcf7-form-control-wrap\" data-name=\"membership-type\"><span class=\"wpcf7-form-control wpcf7-radio membership-type\"><span class=\"wpcf7-list-item first last\"><label><input type=\"radio\" name=\"membership-type\" value=\"Po\u010dasni \u010dlan\" \/><span class=\"wpcf7-list-item-label\">Honorary member<\/span><\/label><\/span><\/span><\/span>\n\t\t\t<\/p>\n\t\t\t<div class=\"membership-description\">\n\t\t\t\t<p>Honorary members \u2013 individuals or institutions recognized for their outstanding contributions to the asphalt industry, technical and technological development, or support of the Association\u2019s objectives. Honorary membership is granted by a decision of the General Assembly upon the proposal of the Management Board.\n\t\t\t\t<\/p>\n\t\t\t<\/div>\n\t\t<\/div>\n\t<\/div>\n\t<div class=\"col-md-12\">\n\t\t<p><label for=\"your-message\">Your Message*<\/label><br \/>\n<span class=\"wpcf7-form-control-wrap\" data-name=\"your-message\"><textarea cols=\"40\" rows=\"10\" maxlength=\"2000\" class=\"wpcf7-form-control wpcf7-textarea wpcf7-validates-as-required\" id=\"your-message\" aria-required=\"true\" aria-invalid=\"false\" name=\"your-message\"><\/textarea><\/span>\n\t\t<\/p>\n\t<\/div>\n\t<div class=\"col-md-12\">\n\t<div class=\"wpcf7-turnstile cf-turnstile\" data-sitekey=\"0x4AAAAAACw0txT3PuHHfVJA\" data-response-field-name=\"_wpcf7_turnstile_response\"><\/div>\n\t<\/div>\n\t<div class=\"col-md-12\">\n\t\t<div class=\"form-btn-area\">\n\t\t\t<p><input class=\"wpcf7-form-control wpcf7-submit has-spinner\" type=\"submit\" value=\"Send Message\" \/>\n\t\t\t<\/p>\n\t\t<\/div>\n\t<\/div>\n<\/div><div class=\"wpcf7-response-output\" aria-hidden=\"true\"><\/div>\n<input type=\"hidden\" name=\"trp-form-language\" value=\"en\"\/><\/form>\n<\/div>\n\t\t\t\t<\/div>\n\t\t\t\t<\/div>\n\t\t\t\t\t<\/div>\n\t\t\t\t<\/div>\n\t\t\t\t<\/div>","protected":false},"excerpt":{"rendered":"<p>Pridru\u017eite se Dru\u0161tvo asfaltera Srbije | Asfaltna industrija i infrastruktura &gt; Vesti ZAHTEV ZA PRIJEM U \u010cLANSTVO UDRU\u017dEN\u0458A DRU\u0160TVO ASFALTERA SRBIJE Ovim putem podnosimo zahtev za prijem u \u010dlanstvo Udru\u017eenja DRU\u0160TVO ASFALTERA SRBIJE, skra\u0107eni naziv DAS. Ime* Prezime* Naziv pravnog lica* Adresa* Grad* Dr\u017eava* PIB* Mati\u010dni broj* Broj telefona* E-mail adresa* Redovni \u010dlan Redovni \u010dlanovi&#8230;<\/p>","protected":false},"author":1,"featured_media":0,"parent":0,"menu_order":0,"comment_status":"closed","ping_status":"closed","template":"elementor_header_footer","meta":{"_acf_changed":false,"footnotes":""},"class_list":["post-18010","page","type-page","status-publish","hentry"],"acf":[],"_links":{"self":[{"href":"https:\/\/das-asfalt.rs\/en\/wp-json\/wp\/v2\/pages\/18010","targetHints":{"allow":["GET"]}}],"collection":[{"href":"https:\/\/das-asfalt.rs\/en\/wp-json\/wp\/v2\/pages"}],"about":[{"href":"https:\/\/das-asfalt.rs\/en\/wp-json\/wp\/v2\/types\/page"}],"author":[{"embeddable":true,"href":"https:\/\/das-asfalt.rs\/en\/wp-json\/wp\/v2\/users\/1"}],"replies":[{"embeddable":true,"href":"https:\/\/das-asfalt.rs\/en\/wp-json\/wp\/v2\/comments?post=18010"}],"version-history":[{"count":16,"href":"https:\/\/das-asfalt.rs\/en\/wp-json\/wp\/v2\/pages\/18010\/revisions"}],"predecessor-version":[{"id":18026,"href":"https:\/\/das-asfalt.rs\/en\/wp-json\/wp\/v2\/pages\/18010\/revisions\/18026"}],"wp:attachment":[{"href":"https:\/\/das-asfalt.rs\/en\/wp-json\/wp\/v2\/media?parent=18010"}],"curies":[{"name":"wp","href":"https:\/\/api.w.org\/{rel}","templated":true}]}}