{"id":17578,"date":"2026-03-17T09:52:58","date_gmt":"2026-03-17T08:52:58","guid":{"rendered":"https:\/\/aix.rs\/?page_id=17578"},"modified":"2026-03-17T10:37:41","modified_gmt":"2026-03-17T09:37:41","slug":"registar-clanova","status":"publish","type":"page","link":"https:\/\/das-asfalt.rs\/en\/registar-clanova\/","title":{"rendered":"Members register"},"content":{"rendered":"<div data-elementor-type=\"wp-page\" data-elementor-id=\"17578\" class=\"elementor elementor-17578\" data-elementor-post-type=\"page\">\n\t\t\t\t<div class=\"no-position  elementor-element elementor-element-8a8fff7 e-flex e-con-boxed e-con e-parent\" data-id=\"8a8fff7\" data-element_type=\"container\" data-e-type=\"container\" data-settings=\"{&quot;background_background&quot;:&quot;classic&quot;}\">\n\t\t\t\t\t<div class=\"e-con-inner\">\n\t\t\t\t<div class=\"elementor-element elementor-element-dee29e9 gsap-move-no elementor-widget elementor-widget-page-title\" data-id=\"dee29e9\" data-element_type=\"widget\" data-e-type=\"widget\" data-settings=\"{&quot;align&quot;:&quot;center&quot;}\" data-widget_type=\"page-title.default\">\n\t\t\t\t<div class=\"elementor-widget-container\">\n\t\t\t\t\t\t\t\n\t\t<div class=\"hfe-page-title hfe-page-title-wrapper elementor-widget-heading\">\n\t\t\t\n\t\t\t<h1 class=\"elementor-heading-title elementor-size\">\n\t\t\t\tMembers register\t\t\t<\/h1> \n\n\t\t\t\t\t\t\t\t<\/div>\n\t\t\t\t\t\t<\/div>\n\t\t\t\t<\/div>\n\t\t\t\t<div class=\"elementor-element elementor-element-6554bc5 gsap-move-no elementor-widget elementor-widget-rs-breadcrumb\" data-id=\"6554bc5\" data-element_type=\"widget\" data-e-type=\"widget\" data-widget_type=\"rs-breadcrumb.default\">\n\t\t\t\t<div class=\"elementor-widget-container\">\n\t\t\t\t\t                    <div class=\"breadcrumb-area style2\"> \n                <div class=\"breadcrumbs-inner\"> \n                    <span property=\"itemListElement\" typeof=\"ListItem\"><a property=\"item\" typeof=\"WebPage\" title=\"Go to Dru\u0161tvo asfaltera Srbije | Asfaltna industrija i infrastruktura.\" href=\"https:\/\/das-asfalt.rs\/en\" class=\"home\" ><span property=\"name\">Dru\u0161tvo asfaltera Srbije | Asfaltna industrija i infrastruktura<\/span><\/a><meta property=\"position\" content=\"1\"><\/span> &gt; <span property=\"itemListElement\" typeof=\"ListItem\"><a property=\"item\" typeof=\"WebPage\" title=\"Go to Vesti.\" href=\"https:\/\/das-asfalt.rs\/en\/vesti\/\" class=\"post-root post post-post\" aria-current=\"page\"><span property=\"name\">News<\/span><\/a><meta property=\"position\" content=\"2\"><\/span>                <\/div>\n            <\/div> \n          \n    \t\t\t\t<\/div>\n\t\t\t\t<\/div>\n\t\t\t\t\t<\/div>\n\t\t\t\t<\/div>\n\t\t<div class=\"no-position  rs-sticky-default elementor-element elementor-element-17e65a1 e-flex e-con-boxed e-con e-parent\" data-id=\"17e65a1\" data-element_type=\"container\" data-e-type=\"container\" data-settings=\"{&quot;background_background&quot;:&quot;classic&quot;}\">\n\t\t\t\t\t<div class=\"e-con-inner\">\n\t\t<div class=\"no-position  rs-sticky-default elementor-element elementor-element-d04ef95 e-con-full e-flex e-con e-child\" data-id=\"d04ef95\" data-element_type=\"container\" data-e-type=\"container\">\n\t\t<div class=\"no-position  rs-sticky-default elementor-element elementor-element-a698aa6 e-con-full e-flex e-con e-child\" data-id=\"a698aa6\" data-element_type=\"container\" data-e-type=\"container\">\n\t\t\t\t<div class=\"elementor-element elementor-element-c7a477d elementor-widget__width-initial gsap-move-no elementor-widget elementor-widget-rs-heading\" data-id=\"c7a477d\" data-element_type=\"widget\" data-e-type=\"widget\" data-widget_type=\"rs-heading.default\">\n\t\t\t\t<div class=\"elementor-widget-container\">\n\t\t\t\t\t\n\t\t<div class=\"prelements-heading style1  left  animate-\">\n\t\t\t<div class=\"title-inner\">\n\t\t\t\t\t\t\t\t\t<span class=\"sub-text\">\n\t\t\t\t\t\tMEMBERSHIP\t\t\t\t\t<\/span>\n\t\t\t\t<h2 class=\"title rs-split-text-enable split-in-up\">Members register<\/h2>\n\t\t\t<\/div>\n\t\t\t\t\t<\/div>\n\t\t\t\t<\/div>\n\t\t\t\t<\/div>\n\t\t\t\t<\/div>\n\t\t\t\t<\/div>\n\t\t\t\t\t<\/div>\n\t\t\t\t<\/div>\n\t\t<div class=\"no-position  elementor-element elementor-element-cc1fbb2 e-flex e-con-boxed e-con e-parent\" data-id=\"cc1fbb2\" data-element_type=\"container\" data-e-type=\"container\">\n\t\t\t\t\t<div class=\"e-con-inner\">\n\t\t<div class=\"no-position  elementor-element elementor-element-f4dc23e e-con-full e-flex e-con e-child\" data-id=\"f4dc23e\" data-element_type=\"container\" data-e-type=\"container\">\n\t\t\t\t<div class=\"elementor-element elementor-element-53c0ebf gsap-move-no elementor-widget elementor-widget-text-editor\" data-id=\"53c0ebf\" data-element_type=\"widget\" data-e-type=\"widget\" data-widget_type=\"text-editor.default\">\n\t\t\t\t\t\t\t\t\t<p>Asphalt Mixture Producers:<\/p>\t\t\t\t\t\t\t\t<\/div>\n\t\t\t\t<div class=\"rs-link-anything-wrapper elementor-element elementor-element-c89620c gsap-move-no elementor-widget elementor-widget-text-editor\" data-rs-element-link=\"{&quot;url&quot;:&quot;https:\\\/\\\/www.strabag.com\\\/en&quot;,&quot;is_external&quot;:&quot;on&quot;,&quot;nofollow&quot;:&quot;&quot;,&quot;custom_attributes&quot;:&quot;&quot;}\" style=\"cursor: pointer\" data-id=\"c89620c\" data-element_type=\"widget\" data-e-type=\"widget\" data-widget_type=\"text-editor.default\">\n\t\t\t\t\t\t\t\t\t<ul><li><strong>STRABAG d.o.o.<\/strong>, MILUTINA MILANKOVI\u0106A 3B, 11070, Beograd (Novi Beograd), Srbija<\/li><\/ul>\t\t\t\t\t\t\t\t<\/div>\n\t\t\t\t<div class=\"rs-link-anything-wrapper elementor-element elementor-element-5fa621d gsap-move-no elementor-widget elementor-widget-text-editor\" data-rs-element-link=\"{&quot;url&quot;:&quot;https:\\\/\\\/www.vojput.com\\\/&quot;,&quot;is_external&quot;:&quot;on&quot;,&quot;nofollow&quot;:&quot;&quot;,&quot;custom_attributes&quot;:&quot;&quot;}\" style=\"cursor: pointer\" data-id=\"5fa621d\" data-element_type=\"widget\" data-e-type=\"widget\" data-widget_type=\"text-editor.default\">\n\t\t\t\t\t\t\t\t\t<ul><li><strong>VOJPUT DOO SUBOTICA<\/strong>, \u0110URE \u0110AKOVI\u0106A 10, 24000, Subotica, Srbija<\/li><\/ul>\t\t\t\t\t\t\t\t<\/div>\n\t\t\t\t<div class=\"rs-link-anything-wrapper elementor-element elementor-element-15c2e6d gsap-move-no elementor-widget elementor-widget-text-editor\" data-rs-element-link=\"{&quot;url&quot;:&quot;https:\\\/\\\/www.pzp-va.rs\\\/&quot;,&quot;is_external&quot;:&quot;on&quot;,&quot;nofollow&quot;:&quot;&quot;,&quot;custom_attributes&quot;:&quot;&quot;}\" style=\"cursor: pointer\" data-id=\"15c2e6d\" data-element_type=\"widget\" data-e-type=\"widget\" data-widget_type=\"text-editor.default\">\n\t\t\t\t\t\t\t\t\t<ul><li><strong>PZP VALJEVO A.D. VALJEVO<\/strong>, MILOVANA GLI\u0160I\u0106A 94A, 14000, Valjevo, Srbija<\/li><\/ul>\t\t\t\t\t\t\t\t<\/div>\n\t\t\t\t<\/div>\n\t\t\t\t\t<\/div>\n\t\t\t\t<\/div>\n\t\t<div class=\"no-position  elementor-element elementor-element-af8b146 e-flex e-con-boxed e-con e-parent\" data-id=\"af8b146\" data-element_type=\"container\" data-e-type=\"container\">\n\t\t\t\t\t<div class=\"e-con-inner\">\n\t\t<div class=\"no-position  elementor-element elementor-element-2ad5881 e-con-full e-flex e-con e-child\" data-id=\"2ad5881\" data-element_type=\"container\" data-e-type=\"container\">\n\t\t\t\t<div class=\"elementor-element elementor-element-2435f17 gsap-move-no elementor-widget elementor-widget-text-editor\" data-id=\"2435f17\" data-element_type=\"widget\" data-e-type=\"widget\" data-widget_type=\"text-editor.default\">\n\t\t\t\t\t\t\t\t\t<p>Institutes and Laboratories:<\/p>\t\t\t\t\t\t\t\t<\/div>\n\t\t\t\t<div class=\"rs-link-anything-wrapper elementor-element elementor-element-23cd405 gsap-move-no elementor-widget elementor-widget-text-editor\" data-rs-element-link=\"{&quot;url&quot;:&quot;https:\\\/\\\/highway.rs\\\/&quot;,&quot;is_external&quot;:&quot;on&quot;,&quot;nofollow&quot;:&quot;&quot;,&quot;custom_attributes&quot;:&quot;&quot;}\" style=\"cursor: pointer\" data-id=\"23cd405\" data-element_type=\"widget\" data-e-type=\"widget\" data-widget_type=\"text-editor.default\">\n\t\t\t\t\t\t\t\t\t<ul><li><strong>INSTITUT ZA PUTEVE<\/strong>, BULEVAR PEKA DAP\u010cEVI\u0106A 45, 11042, BEOGRAD (VO\u017dDOVAC), Srbija<\/li><\/ul>\t\t\t\t\t\t\t\t<\/div>\n\t\t\t\t<div class=\"rs-link-anything-wrapper elementor-element elementor-element-6dca5ba gsap-move-no elementor-widget elementor-widget-text-editor\" data-rs-element-link=\"{&quot;url&quot;:&quot;https:\\\/\\\/institutims.rs\\\/&quot;,&quot;is_external&quot;:&quot;on&quot;,&quot;nofollow&quot;:&quot;&quot;,&quot;custom_attributes&quot;:&quot;&quot;}\" style=\"cursor: pointer\" data-id=\"6dca5ba\" data-element_type=\"widget\" data-e-type=\"widget\" data-widget_type=\"text-editor.default\">\n\t\t\t\t\t\t\t\t\t<ul><li><strong>INSTITUT IMS AD BEOGRAD<\/strong>, BULEVAR VOJVODE MI\u0160I\u0106A 43, 11102, BEOGRAD (SAVSKI VENAC), Srbija<\/li><\/ul>\t\t\t\t\t\t\t\t<\/div>\n\t\t\t\t<div class=\"rs-link-anything-wrapper elementor-element elementor-element-bd5e1dd gsap-move-no elementor-widget elementor-widget-text-editor\" data-rs-element-link=\"{&quot;url&quot;:&quot;https:\\\/\\\/cpl.rs\\\/&quot;,&quot;is_external&quot;:&quot;on&quot;,&quot;nofollow&quot;:&quot;&quot;,&quot;custom_attributes&quot;:&quot;&quot;}\" style=\"cursor: pointer\" data-id=\"bd5e1dd\" data-element_type=\"widget\" data-e-type=\"widget\" data-widget_type=\"text-editor.default\">\n\t\t\t\t\t\t\t\t\t<ul><li><strong>GRA\u0110EVINSKI INSTITUT CPL DOO<\/strong>, \u017dIVORADA PETROVI\u0106A 13, 21100, Veternik, Srbija<\/li><\/ul>\t\t\t\t\t\t\t\t<\/div>\n\t\t\t\t<div class=\"rs-link-anything-wrapper elementor-element elementor-element-7a78891 gsap-move-no elementor-widget elementor-widget-text-editor\" data-rs-element-link=\"{&quot;url&quot;:&quot;https:\\\/\\\/www.tpaqi.com\\\/&quot;,&quot;is_external&quot;:&quot;on&quot;,&quot;nofollow&quot;:&quot;&quot;,&quot;custom_attributes&quot;:&quot;&quot;}\" style=\"cursor: pointer\" data-id=\"7a78891\" data-element_type=\"widget\" data-e-type=\"widget\" data-widget_type=\"text-editor.default\">\n\t\t\t\t\t\t\t\t\t<ul><li><strong>TPA ZA OBEZBE\u0110ENJE KVALITETA I INOVACIJE DOO BEOGRAD<\/strong>, MILUTINA MILANKOVI\u0106A 3B, 11070, BEOGRAD (NOVI BEOGRAD), Srbija<\/li><\/ul>\t\t\t\t\t\t\t\t<\/div>\n\t\t\t\t<\/div>\n\t\t\t\t\t<\/div>\n\t\t\t\t<\/div>\n\t\t<div class=\"no-position  elementor-element elementor-element-24b681e e-flex e-con-boxed e-con e-parent\" data-id=\"24b681e\" data-element_type=\"container\" data-e-type=\"container\">\n\t\t\t\t\t<div class=\"e-con-inner\">\n\t\t<div class=\"no-position  elementor-element elementor-element-7317d1a e-con-full e-flex e-con e-child\" data-id=\"7317d1a\" data-element_type=\"container\" data-e-type=\"container\">\n\t\t\t\t<div class=\"elementor-element elementor-element-10be328 gsap-move-no elementor-widget elementor-widget-text-editor\" data-id=\"10be328\" data-element_type=\"widget\" data-e-type=\"widget\" data-widget_type=\"text-editor.default\">\n\t\t\t\t\t\t\t\t\t<p>Others:<\/p>\t\t\t\t\t\t\t\t<\/div>\n\t\t\t\t<div class=\"rs-link-anything-wrapper elementor-element elementor-element-59ab509 gsap-move-no elementor-widget elementor-widget-text-editor\" data-rs-element-link=\"{&quot;url&quot;:&quot;https:\\\/\\\/web1.grf.bg.ac.rs\\\/home&quot;,&quot;is_external&quot;:&quot;on&quot;,&quot;nofollow&quot;:&quot;&quot;,&quot;custom_attributes&quot;:&quot;&quot;}\" style=\"cursor: pointer\" data-id=\"59ab509\" data-element_type=\"widget\" data-e-type=\"widget\" data-widget_type=\"text-editor.default\">\n\t\t\t\t\t\t\t\t\t<ul><li><strong>GRA\u0110EVINSKI FAKULTET UNIVERZITETA U BEOGRADU<\/strong>, BULEVAR KRALJA ALEKSANDRA 73, 11000 BEOGRAD<\/li><\/ul>\t\t\t\t\t\t\t\t<\/div>\n\t\t\t\t<\/div>\n\t\t\t\t\t<\/div>\n\t\t\t\t<\/div>\n\t\t\t\t<\/div>","protected":false},"excerpt":{"rendered":"<p>Registar \u010dlanova Test Web \u010cLANSTVO Registar \u010dlanova Proizvo\u0111a\u010di asfaltnih me\u0161avina: STRABAG d.o.o., MILUTINA MILANKOVI\u0106A 3B, 11070, Beograd (Novi Beograd), Srbija VOJPUT DOO SUBOTICA, \u0110URE \u0110AKOVI\u0106A 10, 24000, Subotica, Srbija PZP VALJEVO A.D. VALJEVO, MILOVANA GLI\u0160I\u0106A 94A, 14000, Valjevo, Srbija Instituti i laboratorije: INSTITUT ZA PUTEVE, BULEVAR PEKA DAP\u010cEVI\u0106A 45, 11042, BEOGRAD (VO\u017dDOVAC), Srbija INSTITUT IMS&#8230;<\/p>","protected":false},"author":1,"featured_media":0,"parent":0,"menu_order":0,"comment_status":"closed","ping_status":"closed","template":"elementor_header_footer","meta":{"_acf_changed":false,"footnotes":""},"class_list":["post-17578","page","type-page","status-publish","hentry"],"acf":[],"_links":{"self":[{"href":"https:\/\/das-asfalt.rs\/en\/wp-json\/wp\/v2\/pages\/17578","targetHints":{"allow":["GET"]}}],"collection":[{"href":"https:\/\/das-asfalt.rs\/en\/wp-json\/wp\/v2\/pages"}],"about":[{"href":"https:\/\/das-asfalt.rs\/en\/wp-json\/wp\/v2\/types\/page"}],"author":[{"embeddable":true,"href":"https:\/\/das-asfalt.rs\/en\/wp-json\/wp\/v2\/users\/1"}],"replies":[{"embeddable":true,"href":"https:\/\/das-asfalt.rs\/en\/wp-json\/wp\/v2\/comments?post=17578"}],"version-history":[{"count":22,"href":"https:\/\/das-asfalt.rs\/en\/wp-json\/wp\/v2\/pages\/17578\/revisions"}],"predecessor-version":[{"id":17603,"href":"https:\/\/das-asfalt.rs\/en\/wp-json\/wp\/v2\/pages\/17578\/revisions\/17603"}],"wp:attachment":[{"href":"https:\/\/das-asfalt.rs\/en\/wp-json\/wp\/v2\/media?parent=17578"}],"curies":[{"name":"wp","href":"https:\/\/api.w.org\/{rel}","templated":true}]}}