{"id":17488,"date":"2026-03-14T18:59:55","date_gmt":"2026-03-14T17:59:55","guid":{"rendered":"https:\/\/aix.rs\/?page_id=17488"},"modified":"2026-03-17T16:10:16","modified_gmt":"2026-03-17T15:10:16","slug":"organizacija","status":"publish","type":"page","link":"https:\/\/das-asfalt.rs\/en\/organizacija\/","title":{"rendered":"Structure"},"content":{"rendered":"<div data-elementor-type=\"wp-page\" data-elementor-id=\"17488\" class=\"elementor elementor-17488\" data-elementor-post-type=\"page\">\n\t\t\t\t<div class=\"no-position  elementor-element elementor-element-8a8fff7 e-flex e-con-boxed e-con e-parent\" data-id=\"8a8fff7\" data-element_type=\"container\" data-e-type=\"container\" data-settings=\"{&quot;background_background&quot;:&quot;classic&quot;}\">\n\t\t\t\t\t<div class=\"e-con-inner\">\n\t\t\t\t<div class=\"elementor-element elementor-element-dee29e9 gsap-move-no elementor-widget elementor-widget-page-title\" data-id=\"dee29e9\" data-element_type=\"widget\" data-e-type=\"widget\" data-settings=\"{&quot;align&quot;:&quot;center&quot;}\" data-widget_type=\"page-title.default\">\n\t\t\t\t<div class=\"elementor-widget-container\">\n\t\t\t\t\t\t\t\n\t\t<div class=\"hfe-page-title hfe-page-title-wrapper elementor-widget-heading\">\n\t\t\t\n\t\t\t<h1 class=\"elementor-heading-title elementor-size\">\n\t\t\t\tStructure\t\t\t<\/h1> \n\n\t\t\t\t\t\t\t\t<\/div>\n\t\t\t\t\t\t<\/div>\n\t\t\t\t<\/div>\n\t\t\t\t<div class=\"elementor-element elementor-element-6554bc5 gsap-move-no elementor-widget elementor-widget-rs-breadcrumb\" data-id=\"6554bc5\" data-element_type=\"widget\" data-e-type=\"widget\" data-widget_type=\"rs-breadcrumb.default\">\n\t\t\t\t<div class=\"elementor-widget-container\">\n\t\t\t\t\t                    <div class=\"breadcrumb-area style2\"> \n                <div class=\"breadcrumbs-inner\"> \n                    <span property=\"itemListElement\" typeof=\"ListItem\"><a property=\"item\" typeof=\"WebPage\" title=\"Go to Dru\u0161tvo asfaltera Srbije | Asfaltna industrija i infrastruktura.\" href=\"https:\/\/das-asfalt.rs\/en\" class=\"home\" ><span property=\"name\">Dru\u0161tvo asfaltera Srbije | Asfaltna industrija i infrastruktura<\/span><\/a><meta property=\"position\" content=\"1\"><\/span> &gt; <span property=\"itemListElement\" typeof=\"ListItem\"><a property=\"item\" typeof=\"WebPage\" title=\"Go to Vesti.\" href=\"https:\/\/das-asfalt.rs\/en\/vesti\/\" class=\"post-root post post-post\" aria-current=\"page\"><span property=\"name\">News<\/span><\/a><meta property=\"position\" content=\"2\"><\/span>                <\/div>\n            <\/div> \n          \n    \t\t\t\t<\/div>\n\t\t\t\t<\/div>\n\t\t\t\t\t<\/div>\n\t\t\t\t<\/div>\n\t\t<div class=\"no-position  rs-sticky-default elementor-element elementor-element-17e65a1 e-flex e-con-boxed e-con e-parent\" data-id=\"17e65a1\" data-element_type=\"container\" data-e-type=\"container\" data-settings=\"{&quot;background_background&quot;:&quot;classic&quot;}\">\n\t\t\t\t\t<div class=\"e-con-inner\">\n\t\t<div class=\"no-position  rs-sticky-default elementor-element elementor-element-362ea40 e-flex e-con-boxed e-con e-child\" data-id=\"362ea40\" data-element_type=\"container\" data-e-type=\"container\">\n\t\t\t\t\t<div class=\"e-con-inner\">\n\t\t<div class=\"no-position  rs-sticky-default elementor-element elementor-element-a42ca70 e-con-full e-flex e-con e-child\" data-id=\"a42ca70\" data-element_type=\"container\" data-e-type=\"container\">\n\t\t\t\t<div class=\"elementor-element elementor-element-817f5f6 elementor-widget__width-initial gsap-move-no elementor-widget elementor-widget-rs-heading\" data-id=\"817f5f6\" data-element_type=\"widget\" data-e-type=\"widget\" data-widget_type=\"rs-heading.default\">\n\t\t\t\t<div class=\"elementor-widget-container\">\n\t\t\t\t\t\n\t\t<div class=\"prelements-heading style1  left  animate-\">\n\t\t\t<div class=\"title-inner\">\n\t\t\t\t\t\t\t\t\t<span class=\"sub-text\">\n\t\t\t\t\t\tStructure\t\t\t\t\t<\/span>\n\t\t\t\t<h2 class=\"title rs-split-text-enable split-in-up\">Organizational Structure<\/h2>\n\t\t\t<\/div>\n\t\t\t\t\t\t\t<div class=\"description\">\n\t\t\t\t\t<p><b>The Association\u2019s governing bodies form the foundation of its management and organizational structure, ensuring lawful, transparent, and efficient operation in accordance with the Statute and the Association\u2019s objectives.<\/b><\/p>\t\t\t\t<\/div>\n\t\t\t\t\t<\/div>\n\t\t\t\t<\/div>\n\t\t\t\t<\/div>\n\t\t\t\t<\/div>\n\t\t<div class=\"no-position  rs-sticky-default elementor-element elementor-element-f0ab9fe e-flex e-con-boxed e-con e-child\" data-id=\"f0ab9fe\" data-element_type=\"container\" data-e-type=\"container\">\n\t\t\t\t\t<div class=\"e-con-inner\">\n\t\t\t\t<div class=\"elementor-element elementor-element-0cbf80b gsap-move-no elementor-invisible elementor-widget elementor-widget-image\" data-id=\"0cbf80b\" data-element_type=\"widget\" data-e-type=\"widget\" data-settings=\"{&quot;_animation&quot;:&quot;fadeInRight&quot;}\" data-widget_type=\"image.default\">\n\t\t\t\t\t\t\t\t\t\t\t\t\t\t\t<img fetchpriority=\"high\" decoding=\"async\" width=\"670\" height=\"301\" src=\"https:\/\/das-asfalt.rs\/wp-content\/uploads\/2026\/03\/img-02_Organizacija.jpg\" class=\"attachment-full size-full wp-image-17635\" alt=\"\" srcset=\"https:\/\/das-asfalt.rs\/wp-content\/uploads\/2026\/03\/img-02_Organizacija.jpg 670w, https:\/\/das-asfalt.rs\/wp-content\/uploads\/2026\/03\/img-02_Organizacija-300x135.jpg 300w, https:\/\/das-asfalt.rs\/wp-content\/uploads\/2026\/03\/img-02_Organizacija-18x8.jpg 18w\" sizes=\"(max-width: 670px) 100vw, 670px\" \/>\t\t\t\t\t\t\t\t\t\t\t\t\t\t\t<\/div>\n\t\t\t\t\t<\/div>\n\t\t\t\t<\/div>\n\t\t\t\t\t<\/div>\n\t\t\t\t<\/div>\n\t\t\t\t\t<\/div>\n\t\t\t\t<\/div>\n\t\t<div class=\"no-position  elementor-element elementor-element-cc1fbb2 e-flex e-con-boxed e-con e-parent\" data-id=\"cc1fbb2\" data-element_type=\"container\" data-e-type=\"container\">\n\t\t\t\t\t<div class=\"e-con-inner\">\n\t\t<div class=\"no-position  elementor-element elementor-element-f4dc23e e-con-full e-flex e-con e-child\" data-id=\"f4dc23e\" data-element_type=\"container\" data-e-type=\"container\">\n\t\t\t\t<div class=\"elementor-element elementor-element-53c0ebf gsap-move-no elementor-widget elementor-widget-text-editor\" data-id=\"53c0ebf\" data-element_type=\"widget\" data-e-type=\"widget\" data-widget_type=\"text-editor.default\">\n\t\t\t\t\t\t\t\t\t<p><b>The Association\u2019s governing bodies are as follows:<\/b><\/p>\t\t\t\t\t\t\t\t<\/div>\n\t\t\t\t<div class=\"elementor-element elementor-element-adffdcf gsap-move-no elementor-widget elementor-widget-rsfeatureslist\" data-id=\"adffdcf\" data-element_type=\"widget\" data-e-type=\"widget\" data-widget_type=\"rsfeatureslist.default\">\n\t\t\t\t<div class=\"elementor-widget-container\">\n\t\t\t\t\t \n\n        <div class=\"rs-features-list-content top-image  color_default_scheme\">\n\n\n            \n            <div class=\"feature-content\">\n                                 \n                \n                                    <ul class=\"rs-features-list\">\n                                                    <li class=\"elementor-repeater-item-f5c0e1a\">\n                                <svg aria-hidden=\"true\" class=\"e-font-icon-svg e-fas-genderless\" viewbox=\"0 0 288 512\" xmlns=\"http:\/\/www.w3.org\/2000\/svg\"><path d=\"M144 176c44.1 0 80 35.9 80 80s-35.9 80-80 80-80-35.9-80-80 35.9-80 80-80m0-64C64.5 112 0 176.5 0 256s64.5 144 144 144 144-64.5 144-144-64.5-144-144-144z\"><\/path><\/svg>                                <div class=\"list-feature-content\">\n                                    <span class=\"rs-feature-text\">The Assembly<\/span>\n                                <\/div>\n                            <\/li>\n                                                    <li class=\"elementor-repeater-item-0f3fef9\">\n                                <svg aria-hidden=\"true\" class=\"e-font-icon-svg e-fas-genderless\" viewbox=\"0 0 288 512\" xmlns=\"http:\/\/www.w3.org\/2000\/svg\"><path d=\"M144 176c44.1 0 80 35.9 80 80s-35.9 80-80 80-80-35.9-80-80 35.9-80 80-80m0-64C64.5 112 0 176.5 0 256s64.5 144 144 144 144-64.5 144-144-64.5-144-144-144z\"><\/path><\/svg>                                <div class=\"list-feature-content\">\n                                    <span class=\"rs-feature-text\">The President of the Assembly<\/span>\n                                <\/div>\n                            <\/li>\n                                                    <li class=\"elementor-repeater-item-df01d47\">\n                                <svg aria-hidden=\"true\" class=\"e-font-icon-svg e-fas-genderless\" viewbox=\"0 0 288 512\" xmlns=\"http:\/\/www.w3.org\/2000\/svg\"><path d=\"M144 176c44.1 0 80 35.9 80 80s-35.9 80-80 80-80-35.9-80-80 35.9-80 80-80m0-64C64.5 112 0 176.5 0 256s64.5 144 144 144 144-64.5 144-144-64.5-144-144-144z\"><\/path><\/svg>                                <div class=\"list-feature-content\">\n                                    <span class=\"rs-feature-text\">The Board<\/span>\n                                <\/div>\n                            <\/li>\n                                                    <li class=\"elementor-repeater-item-8371d32\">\n                                <svg aria-hidden=\"true\" class=\"e-font-icon-svg e-fas-genderless\" viewbox=\"0 0 288 512\" xmlns=\"http:\/\/www.w3.org\/2000\/svg\"><path d=\"M144 176c44.1 0 80 35.9 80 80s-35.9 80-80 80-80-35.9-80-80 35.9-80 80-80m0-64C64.5 112 0 176.5 0 256s64.5 144 144 144 144-64.5 144-144-64.5-144-144-144z\"><\/path><\/svg>                                <div class=\"list-feature-content\">\n                                    <span class=\"rs-feature-text\">The President of the Association<\/span>\n                                <\/div>\n                            <\/li>\n                                                    <li class=\"elementor-repeater-item-b0cb492\">\n                                <svg aria-hidden=\"true\" class=\"e-font-icon-svg e-fas-genderless\" viewbox=\"0 0 288 512\" xmlns=\"http:\/\/www.w3.org\/2000\/svg\"><path d=\"M144 176c44.1 0 80 35.9 80 80s-35.9 80-80 80-80-35.9-80-80 35.9-80 80-80m0-64C64.5 112 0 176.5 0 256s64.5 144 144 144 144-64.5 144-144-64.5-144-144-144z\"><\/path><\/svg>                                <div class=\"list-feature-content\">\n                                    <span class=\"rs-feature-text\">The Vice President of the Association<\/span>\n                                <\/div>\n                            <\/li>\n                                                    <li class=\"elementor-repeater-item-59d97f4\">\n                                <svg aria-hidden=\"true\" class=\"e-font-icon-svg e-fas-genderless\" viewbox=\"0 0 288 512\" xmlns=\"http:\/\/www.w3.org\/2000\/svg\"><path d=\"M144 176c44.1 0 80 35.9 80 80s-35.9 80-80 80-80-35.9-80-80 35.9-80 80-80m0-64C64.5 112 0 176.5 0 256s64.5 144 144 144 144-64.5 144-144-64.5-144-144-144z\"><\/path><\/svg>                                <div class=\"list-feature-content\">\n                                    <span class=\"rs-feature-text\">The Secretary of the Association<\/span>\n                                <\/div>\n                            <\/li>\n                                                    <li class=\"elementor-repeater-item-627d117\">\n                                <svg aria-hidden=\"true\" class=\"e-font-icon-svg e-fas-genderless\" viewbox=\"0 0 288 512\" xmlns=\"http:\/\/www.w3.org\/2000\/svg\"><path d=\"M144 176c44.1 0 80 35.9 80 80s-35.9 80-80 80-80-35.9-80-80 35.9-80 80-80m0-64C64.5 112 0 176.5 0 256s64.5 144 144 144 144-64.5 144-144-64.5-144-144-144z\"><\/path><\/svg>                                <div class=\"list-feature-content\">\n                                    <span class=\"rs-feature-text\">Committees and working groups<\/span>\n                                <\/div>\n                            <\/li>\n                                            <\/ul>\n                            <\/div>  \n\n        <\/div>\n        \t\t\t\t<\/div>\n\t\t\t\t<\/div>\n\t\t\t\t<\/div>\n\t\t\t\t\t<\/div>\n\t\t\t\t<\/div>\n\t\t\t\t<\/div>","protected":false},"excerpt":{"rendered":"<p>Organizacija Test Web Organizacija Struktura odgovornog rada. Organi Udru\u017eenja \u010dine osnov upravlja\u010dke i organizacione strukture kojom se obezbe\u0111uje zakonit, transparentan i efikasan rad u skladu sa Statutom i ciljevima Udru\u017eenja. Organe Udru\u017eenja \u010dine: Skup\u0161tina Udru\u017eenja Predsednik skup\u0161tine Upravni odbor Predsednik Udru\u017eenja Zamenik Predsednika udru\u017eenja Sekretar Udru\u017eenja Komisije i radne grupe<\/p>","protected":false},"author":1,"featured_media":0,"parent":0,"menu_order":0,"comment_status":"closed","ping_status":"closed","template":"elementor_header_footer","meta":{"_acf_changed":false,"footnotes":""},"class_list":["post-17488","page","type-page","status-publish","hentry"],"acf":[],"_links":{"self":[{"href":"https:\/\/das-asfalt.rs\/en\/wp-json\/wp\/v2\/pages\/17488","targetHints":{"allow":["GET"]}}],"collection":[{"href":"https:\/\/das-asfalt.rs\/en\/wp-json\/wp\/v2\/pages"}],"about":[{"href":"https:\/\/das-asfalt.rs\/en\/wp-json\/wp\/v2\/types\/page"}],"author":[{"embeddable":true,"href":"https:\/\/das-asfalt.rs\/en\/wp-json\/wp\/v2\/users\/1"}],"replies":[{"embeddable":true,"href":"https:\/\/das-asfalt.rs\/en\/wp-json\/wp\/v2\/comments?post=17488"}],"version-history":[{"count":16,"href":"https:\/\/das-asfalt.rs\/en\/wp-json\/wp\/v2\/pages\/17488\/revisions"}],"predecessor-version":[{"id":17691,"href":"https:\/\/das-asfalt.rs\/en\/wp-json\/wp\/v2\/pages\/17488\/revisions\/17691"}],"wp:attachment":[{"href":"https:\/\/das-asfalt.rs\/en\/wp-json\/wp\/v2\/media?parent=17488"}],"curies":[{"name":"wp","href":"https:\/\/api.w.org\/{rel}","templated":true}]}}