{"id":17292,"date":"2026-03-10T02:51:34","date_gmt":"2026-03-10T01:51:34","guid":{"rendered":"https:\/\/aix.rs\/?page_id=17292"},"modified":"2026-04-01T12:07:15","modified_gmt":"2026-04-01T10:07:15","slug":"opste-informacije","status":"publish","type":"page","link":"https:\/\/das-asfalt.rs\/en\/opste-informacije\/","title":{"rendered":"General information"},"content":{"rendered":"<div data-elementor-type=\"wp-page\" data-elementor-id=\"17292\" class=\"elementor elementor-17292\" data-elementor-post-type=\"page\">\n\t\t\t\t<div class=\"no-position  elementor-element elementor-element-8a8fff7 e-flex e-con-boxed e-con e-parent\" data-id=\"8a8fff7\" data-element_type=\"container\" data-e-type=\"container\" data-settings=\"{&quot;background_background&quot;:&quot;classic&quot;}\">\n\t\t\t\t\t<div class=\"e-con-inner\">\n\t\t\t\t<div class=\"elementor-element elementor-element-dee29e9 gsap-move-no elementor-widget elementor-widget-page-title\" data-id=\"dee29e9\" data-element_type=\"widget\" data-e-type=\"widget\" data-settings=\"{&quot;align&quot;:&quot;center&quot;}\" data-widget_type=\"page-title.default\">\n\t\t\t\t<div class=\"elementor-widget-container\">\n\t\t\t\t\t\t\t\n\t\t<div class=\"hfe-page-title hfe-page-title-wrapper elementor-widget-heading\">\n\t\t\t\n\t\t\t<h1 class=\"elementor-heading-title elementor-size\">\n\t\t\t\tGeneral information\t\t\t<\/h1> \n\n\t\t\t\t\t\t\t\t<\/div>\n\t\t\t\t\t\t<\/div>\n\t\t\t\t<\/div>\n\t\t\t\t<div class=\"elementor-element elementor-element-6554bc5 gsap-move-no elementor-widget elementor-widget-rs-breadcrumb\" data-id=\"6554bc5\" data-element_type=\"widget\" data-e-type=\"widget\" data-widget_type=\"rs-breadcrumb.default\">\n\t\t\t\t<div class=\"elementor-widget-container\">\n\t\t\t\t\t                    <div class=\"breadcrumb-area style2\"> \n                <div class=\"breadcrumbs-inner\"> \n                    <span property=\"itemListElement\" typeof=\"ListItem\"><a property=\"item\" typeof=\"WebPage\" title=\"Go to Dru\u0161tvo asfaltera Srbije | Asfaltna industrija i infrastruktura.\" href=\"https:\/\/das-asfalt.rs\/en\" class=\"home\" ><span property=\"name\">Dru\u0161tvo asfaltera Srbije | Asfaltna industrija i infrastruktura<\/span><\/a><meta property=\"position\" content=\"1\"><\/span> &gt; <span property=\"itemListElement\" typeof=\"ListItem\"><a property=\"item\" typeof=\"WebPage\" title=\"Go to Vesti.\" href=\"https:\/\/das-asfalt.rs\/en\/vesti\/\" class=\"post-root post post-post\" aria-current=\"page\"><span property=\"name\">News<\/span><\/a><meta property=\"position\" content=\"2\"><\/span>                <\/div>\n            <\/div> \n          \n    \t\t\t\t<\/div>\n\t\t\t\t<\/div>\n\t\t\t\t\t<\/div>\n\t\t\t\t<\/div>\n\t\t<div class=\"no-position  rs-sticky-default elementor-element elementor-element-17e65a1 e-flex e-con-boxed e-con e-parent\" data-id=\"17e65a1\" data-element_type=\"container\" data-e-type=\"container\" data-settings=\"{&quot;background_background&quot;:&quot;classic&quot;}\">\n\t\t\t\t\t<div class=\"e-con-inner\">\n\t\t<div class=\"no-position  rs-sticky-default elementor-element elementor-element-362ea40 e-flex e-con-boxed e-con e-child\" data-id=\"362ea40\" data-element_type=\"container\" data-e-type=\"container\">\n\t\t\t\t\t<div class=\"e-con-inner\">\n\t\t<div class=\"no-position  rs-sticky-default elementor-element elementor-element-a42ca70 e-con-full e-flex e-con e-child\" data-id=\"a42ca70\" data-element_type=\"container\" data-e-type=\"container\">\n\t\t\t\t<div class=\"elementor-element elementor-element-817f5f6 elementor-widget__width-initial gsap-move-no elementor-widget elementor-widget-rs-heading\" data-id=\"817f5f6\" data-element_type=\"widget\" data-e-type=\"widget\" data-widget_type=\"rs-heading.default\">\n\t\t\t\t<div class=\"elementor-widget-container\">\n\t\t\t\t\t\n\t\t<div class=\"prelements-heading style1  left  animate-\">\n\t\t\t<div class=\"title-inner\">\n\t\t\t\t\t\t\t\t\t<span class=\"sub-text\">\n\t\t\t\t\t\tGeneral information \t\t\t\t\t<\/span>\n\t\t\t\t<h2 class=\"title rs-split-text-enable split-in-up\">Membership Conditions and Types<\/h2>\n\t\t\t<\/div>\n\t\t\t\t\t\t\t<div class=\"description\">\n\t\t\t\t\t<p>Any adult natural person and legal entity that accepts the goals and Statute of the association may become a member. \nThe Assembly makes the decision on membership admission and notifies the applicant without delay.<\/p>\t\t\t\t<\/div>\n\t\t\t\t\t<\/div>\n\t\t\t\t<\/div>\n\t\t\t\t<\/div>\n\t\t\t\t<\/div>\n\t\t<div class=\"no-position  rs-sticky-default elementor-element elementor-element-f0ab9fe e-flex e-con-boxed e-con e-child\" data-id=\"f0ab9fe\" data-element_type=\"container\" data-e-type=\"container\">\n\t\t\t\t\t<div class=\"e-con-inner\">\n\t\t\t\t<div class=\"elementor-element elementor-element-0cbf80b gsap-move-no elementor-invisible elementor-widget elementor-widget-image\" data-id=\"0cbf80b\" data-element_type=\"widget\" data-e-type=\"widget\" data-settings=\"{&quot;_animation&quot;:&quot;fadeInRight&quot;}\" data-widget_type=\"image.default\">\n\t\t\t\t\t\t\t\t\t\t\t\t\t\t\t<img fetchpriority=\"high\" decoding=\"async\" width=\"670\" height=\"300\" src=\"https:\/\/das-asfalt.rs\/wp-content\/uploads\/2026\/03\/img-04_Clanstvo_Opsti_Ciljevi.jpg\" class=\"attachment-full size-full wp-image-17646\" alt=\"\" srcset=\"https:\/\/das-asfalt.rs\/wp-content\/uploads\/2026\/03\/img-04_Clanstvo_Opsti_Ciljevi.jpg 670w, https:\/\/das-asfalt.rs\/wp-content\/uploads\/2026\/03\/img-04_Clanstvo_Opsti_Ciljevi-300x134.jpg 300w, https:\/\/das-asfalt.rs\/wp-content\/uploads\/2026\/03\/img-04_Clanstvo_Opsti_Ciljevi-18x8.jpg 18w\" sizes=\"(max-width: 670px) 100vw, 670px\" \/>\t\t\t\t\t\t\t\t\t\t\t\t\t\t\t<\/div>\n\t\t\t\t\t<\/div>\n\t\t\t\t<\/div>\n\t\t\t\t\t<\/div>\n\t\t\t\t<\/div>\n\t\t\t\t\t<\/div>\n\t\t\t\t<\/div>\n\t\t<div class=\"no-position  elementor-element elementor-element-aecb437 e-flex e-con-boxed e-con e-parent\" data-id=\"aecb437\" data-element_type=\"container\" data-e-type=\"container\">\n\t\t\t\t\t<div class=\"e-con-inner\">\n\t\t<div class=\"no-position  elementor-element elementor-element-7452035 e-con-full e-flex e-con e-child\" data-id=\"7452035\" data-element_type=\"container\" data-e-type=\"container\">\n\t\t\t\t<div class=\"elementor-element elementor-element-c10811f gsap-move-no elementor-widget elementor-widget-text-editor\" data-id=\"c10811f\" data-element_type=\"widget\" data-e-type=\"widget\" data-widget_type=\"text-editor.default\">\n\t\t\t\t\t\t\t\t\t<p>The association has the following types of membership:<\/p><p>\u00a0<\/p><ul><li><b>Regular Members <\/b>\u2013 legal entities (businesses, institutes, laboratories, and other organizations) and natural persons (experts, engineers, researchers) who are actively involved in the field of asphalt industry and infrastructure, accept the Association's goals and Statute, participate in its work, and regularly pay their membership dues;<\/li><li><b>Associate Members <\/b>\u2013 legal entities and individuals who are not directly involved in the asphalt industry but are interested in the Association's activities and wish to support its work. Associate members do not have voting rights in the General Assembly;<\/li><li><b>Honorary Members <\/b>\u2013 individuals or institutions who have distinguished themselves through special achievements in the asphalt industry, technical and technological development, or in supporting the Association's goals. Honorary membership is conferred by a decision of the Assembly, upon the proposal of the Board of Directors.<\/li><\/ul><p>Within these categories, the membership of legal entities is further classified by activity as follows: producers of asphalt mixtures, producers of component materials and additives, as well as other legal entities operating in the field of road infrastructure.<\/p>\t\t\t\t\t\t\t\t<\/div>\n\t\t<div class=\"no-position  elementor-element elementor-element-4f54faa e-con-full e-flex e-con e-child\" data-id=\"4f54faa\" data-element_type=\"container\" data-e-type=\"container\">\n\t\t<div class=\"no-position  elementor-element elementor-element-6f0e156 e-con-full e-flex e-con e-child\" data-id=\"6f0e156\" data-element_type=\"container\" data-e-type=\"container\">\n\t\t\t\t<div class=\"elementor-element elementor-element-5692384 gsap-move-no elementor-widget elementor-widget-text-editor\" data-id=\"5692384\" data-element_type=\"widget\" data-e-type=\"widget\" data-widget_type=\"text-editor.default\">\n\t\t\t\t\t\t\t\t\t<p><b>Membership Benefits<\/b><\/p><p>\u00a0<\/p><p>Membership in the Association enables active participation in the development of the asphalt industry and road infrastructure, in accordance with the principles of professionalism, sustainability, and professional responsibility.<\/p><p>\u010clanovi ostvaruju mogu\u0107nost:<\/p>\t\t\t\t\t\t\t\t<\/div>\n\t\t\t\t<div class=\"elementor-element elementor-element-3157e8a gsap-move-no elementor-widget elementor-widget-rsfeatureslist\" data-id=\"3157e8a\" data-element_type=\"widget\" data-e-type=\"widget\" data-widget_type=\"rsfeatureslist.default\">\n\t\t\t\t<div class=\"elementor-widget-container\">\n\t\t\t\t\t \n\n        <div class=\"rs-features-list-content top-image  color_default_scheme\">\n\n\n            \n            <div class=\"feature-content\">\n                                 \n                \n                                    <ul class=\"rs-features-list\">\n                                                    <li class=\"elementor-repeater-item-f5c0e1a\">\n                                <svg aria-hidden=\"true\" class=\"e-font-icon-svg e-fas-genderless\" viewbox=\"0 0 288 512\" xmlns=\"http:\/\/www.w3.org\/2000\/svg\"><path d=\"M144 176c44.1 0 80 35.9 80 80s-35.9 80-80 80-80-35.9-80-80 35.9-80 80-80m0-64C64.5 112 0 176.5 0 256s64.5 144 144 144 144-64.5 144-144-64.5-144-144-144z\"><\/path><\/svg>                                <div class=\"list-feature-content\">\n                                    <span class=\"rs-feature-text\">Network and collaborate with experts, institutions, and businesses in Serbia and abroad;<\/span>\n                                <\/div>\n                            <\/li>\n                                                    <li class=\"elementor-repeater-item-0f3fef9\">\n                                <svg aria-hidden=\"true\" class=\"e-font-icon-svg e-fas-genderless\" viewbox=\"0 0 288 512\" xmlns=\"http:\/\/www.w3.org\/2000\/svg\"><path d=\"M144 176c44.1 0 80 35.9 80 80s-35.9 80-80 80-80-35.9-80-80 35.9-80 80-80m0-64C64.5 112 0 176.5 0 256s64.5 144 144 144 144-64.5 144-144-64.5-144-144-144z\"><\/path><\/svg>                                <div class=\"list-feature-content\">\n                                    <span class=\"rs-feature-text\">Exchange knowledge, experience, and best practices in the field of asphalt mixtures and infrastructure;<\/span>\n                                <\/div>\n                            <\/li>\n                                                    <li class=\"elementor-repeater-item-df01d47\">\n                                <svg aria-hidden=\"true\" class=\"e-font-icon-svg e-fas-genderless\" viewbox=\"0 0 288 512\" xmlns=\"http:\/\/www.w3.org\/2000\/svg\"><path d=\"M144 176c44.1 0 80 35.9 80 80s-35.9 80-80 80-80-35.9-80-80 35.9-80 80-80m0-64C64.5 112 0 176.5 0 256s64.5 144 144 144 144-64.5 144-144-64.5-144-144-144z\"><\/path><\/svg>                                <div class=\"list-feature-content\">\n                                    <span class=\"rs-feature-text\">Contribute to improvement of  regulations, standards, and public policies;<\/span>\n                                <\/div>\n                            <\/li>\n                                                    <li class=\"elementor-repeater-item-8371d32\">\n                                <svg aria-hidden=\"true\" class=\"e-font-icon-svg e-fas-genderless\" viewbox=\"0 0 288 512\" xmlns=\"http:\/\/www.w3.org\/2000\/svg\"><path d=\"M144 176c44.1 0 80 35.9 80 80s-35.9 80-80 80-80-35.9-80-80 35.9-80 80-80m0-64C64.5 112 0 176.5 0 256s64.5 144 144 144 144-64.5 144-144-64.5-144-144-144z\"><\/path><\/svg>                                <div class=\"list-feature-content\">\n                                    <span class=\"rs-feature-text\">Attend professional gatherings, conferences, seminars, and training;<\/span>\n                                <\/div>\n                            <\/li>\n                                                    <li class=\"elementor-repeater-item-b0cb492\">\n                                <svg aria-hidden=\"true\" class=\"e-font-icon-svg e-fas-genderless\" viewbox=\"0 0 288 512\" xmlns=\"http:\/\/www.w3.org\/2000\/svg\"><path d=\"M144 176c44.1 0 80 35.9 80 80s-35.9 80-80 80-80-35.9-80-80 35.9-80 80-80m0-64C64.5 112 0 176.5 0 256s64.5 144 144 144 144-64.5 144-144-64.5-144-144-144z\"><\/path><\/svg>                                <div class=\"list-feature-content\">\n                                    <span class=\"rs-feature-text\">Access professional publications and relevant information;<\/span>\n                                <\/div>\n                            <\/li>\n                                                    <li class=\"elementor-repeater-item-59d97f4\">\n                                <svg aria-hidden=\"true\" class=\"e-font-icon-svg e-fas-genderless\" viewbox=\"0 0 288 512\" xmlns=\"http:\/\/www.w3.org\/2000\/svg\"><path d=\"M144 176c44.1 0 80 35.9 80 80s-35.9 80-80 80-80-35.9-80-80 35.9-80 80-80m0-64C64.5 112 0 176.5 0 256s64.5 144 144 144 144-64.5 144-144-64.5-144-144-144z\"><\/path><\/svg>                                <div class=\"list-feature-content\">\n                                    <span class=\"rs-feature-text\">Representing interests before relevant institutions and organizations.<\/span>\n                                <\/div>\n                            <\/li>\n                                            <\/ul>\n                            <\/div>  \n\n        <\/div>\n        \t\t\t\t<\/div>\n\t\t\t\t<\/div>\n\t\t\t\t<div class=\"elementor-element elementor-element-18f555a gsap-move-no elementor-widget elementor-widget-rs-button\" data-id=\"18f555a\" data-element_type=\"widget\" data-e-type=\"widget\" data-widget_type=\"rs-button.default\">\n\t\t\t\t<div class=\"elementor-widget-container\">\n\t\t\t\t\t\t\t<div class=\"rs-button style1 unique-40247\">\r\n\r\n\t\t\t\r\n\t\t\t\t\t\t\t<a class=\"rs-btn anim-dir-\" href=\"https:\/\/das-asfalt.rs\/en\/pridruzite-se\/\" >\t\r\n\t\t\t\t\t<span>JOIN US \r\n\t\t\t\t\t\t\t\t\t\t<\/span>\r\n\t\t\t\t<\/a>\r\n\t\t\t\t\t<\/div>\r\n\t\t\t\t\t<\/div>\n\t\t\t\t<\/div>\n\t\t\t\t<\/div>\n\t\t\t\t<\/div>\n\t\t\t\t<\/div>\n\t\t\t\t\t<\/div>\n\t\t\t\t<\/div>\n\t\t\t\t<\/div>","protected":false},"excerpt":{"rendered":"<p>Op\u0161te informacije Dru\u0161tvo asfaltera Srbije | Asfaltna industrija i infrastruktura &gt; Vesti Op\u0161te informacije Uslovi i vrste \u010dlanstva \u010clan udru\u017eenja mo\u017ee biti svako punoletno fizi\u010dko lice i pravno lice koje prihvata ciljeve i Statut udru\u017eenja. Odluku o prijemu u \u010dlanstvo donosi Skup\u0161tina i o tome bez odlaganja obave\u0161tava podnosioca prijave. Udru\u017eenje ima slede\u0107e vrste \u010dlanstva:&#8230;<\/p>","protected":false},"author":1,"featured_media":0,"parent":0,"menu_order":0,"comment_status":"closed","ping_status":"closed","template":"elementor_header_footer","meta":{"_acf_changed":false,"footnotes":""},"class_list":["post-17292","page","type-page","status-publish","hentry"],"acf":[],"_links":{"self":[{"href":"https:\/\/das-asfalt.rs\/en\/wp-json\/wp\/v2\/pages\/17292","targetHints":{"allow":["GET"]}}],"collection":[{"href":"https:\/\/das-asfalt.rs\/en\/wp-json\/wp\/v2\/pages"}],"about":[{"href":"https:\/\/das-asfalt.rs\/en\/wp-json\/wp\/v2\/types\/page"}],"author":[{"embeddable":true,"href":"https:\/\/das-asfalt.rs\/en\/wp-json\/wp\/v2\/users\/1"}],"replies":[{"embeddable":true,"href":"https:\/\/das-asfalt.rs\/en\/wp-json\/wp\/v2\/comments?post=17292"}],"version-history":[{"count":59,"href":"https:\/\/das-asfalt.rs\/en\/wp-json\/wp\/v2\/pages\/17292\/revisions"}],"predecessor-version":[{"id":18058,"href":"https:\/\/das-asfalt.rs\/en\/wp-json\/wp\/v2\/pages\/17292\/revisions\/18058"}],"wp:attachment":[{"href":"https:\/\/das-asfalt.rs\/en\/wp-json\/wp\/v2\/media?parent=17292"}],"curies":[{"name":"wp","href":"https:\/\/api.w.org\/{rel}","templated":true}]}}